{"id":61,"date":"2009-12-17T08:53:09","date_gmt":"2009-12-17T07:53:09","guid":{"rendered":"http:\/\/www.wexel.at\/?page_id=61"},"modified":"2017-02-07T15:02:31","modified_gmt":"2017-02-07T14:02:31","slug":"schwaigen-reigen-2009","status":"publish","type":"page","link":"https:\/\/www.wexel.at\/?page_id=61","title":{"rendered":"SCHWAIGEN REIGEN &#8211; Festival der Almh\u00fctten am Wechsel. Feldforschungsprojekt 2007-2009"},"content":{"rendered":"<p>Das ehrenamtliche volksmusikalische Feldforschungsprojekt SCHWAIGEN-REIGEN, Festival auf den nieder\u00f6sterreichischen und steirischen Almh\u00fctten des Wechsels, wurde am Samstag, den 13. Juni 2009 zum 3. Mal durchgef\u00fchrt.<\/p>\n<p>353 S\u00e4nger, T\u00e4nzer und Musikanten begeisterten 10.000 Besucher bei inspirierenden und erholsamen Wanderungen \u00fcber die Almen des Wechsels.<\/p>\n<p>Erste Ergebnisse des wissenschaftlichen Projekts sind bereits im &#8220;Schwaigen Reigen Echo&#8221; (Erika Sieder und Walter Deutsch, Bibliothek der Provinz, Weitra 2008) nachzulesen und nachzuh\u00f6ren.<\/p>\n<p>An der Herausgabe der Gesamtpublikation &#8220;WeXel oder Die Musik einer Landschaft&#8221; als Band XXII der Enzyklop\u00e4die der Volksmusik in \u00d6sterreich, COMPA (Corpus musicae popularis Austriacae) im B\u00f6hlau-Verlag, wird flei\u00dfig gearbeitet.<br \/>\nTeilband 1 &#8220;Das Geistliche Lied &#8211; Leichh\u00fcatn \/ Leichwachtn&#8221; wurde im November 2014 in Stift Vorau (Steiermark) und in St. Peter am Wechsel (Nieder\u00f6sterreich) vorgestellt. servus tv drehte &#8211; gemeinsam mit Michael Ostrowski &#8211; im Sommer 2016 ein Beitrag \u00fcber diesen regionalen, heute verschwundenen Brauch. Sendetermin: proj. Fr\u00fchjahr 2017.<\/p>\n<p>An COMPA-BAnd XXII, Teilband 2 &#8220;Das Weltliche Lied: Jodler, Jodler-Lied, Gstanzl und Tanz&#8221; &#8211; samt den Aufzeichnungen des Feldforschungsprojekts &#8220;Schwaigen-Reigen&#8221; 2007-2009 &#8211; wird intensiv gearbeitet. Pr\u00e4sentation: proj. &#8220;Schwaigen-Reigen&#8221; 2018.<\/p>\n<p><strong>Das wissenschaftliche Projekt &#8211; jeweils am 1. Samstag NACH dem Almauftrieb im Juni &#8211; st\u00e4rkte das Bewu\u00dftsein der &#8211; grenz\u00fcberschreitenden &#8211; volkskulturellen Identit\u00e4t der gesamten Wechselregion und erfreut nun allj\u00e4hrlich Musikanten und Wanderer.<\/strong><\/p>\n<p>Der 4. &#8220;Schwaigen-Reigen&#8221; fand am Samstag, den 12. Juni 2010 statt.<br \/>\n560 Volksmusikanten begleiteten und begeisterten gesch\u00e4tzte 12.000 &#8211; 13.000 Besucher bei strahlendem-hei\u00dfen Hochsommerwetter.<\/p>\n<p>Die lettische Volkstanzgruppe aus Lubana &#8211; 200 km \u00f6stlich von Riga &#8211; musste auf Wunsch der faszinierten Zuseher ihre Auftritte mehrmals wiederholen.<\/p>\n<p>Die Pr\u00e4sentation des &#8220;WeXelgwandls&#8221; (www.lisamarton.com), des &#8220;WeXeljankers&#8221; (Schneidermeister Friedrich Jeitler, Hartberg) und des dazu passenden Hutes, des &#8220;WeXlers&#8221; (Kleinrath Pinkafeld), des &#8220;Apfelweindirndls&#8221; und &#8220;Apfelweinspenzers&#8221; von Zehrfuchs (Dechantskirchen),  der &#8220;Oststeirischen Tracht&#8221; samt den M\u00e4dchen-Bodenhauben (Erni Schwengerer) und als &#8211; grenz\u00fcberschreitender Gast &#8211; die Vorstellung der &#8220;M\u00f6dlinger Hauertracht&#8221; (Luise Wilczek) war der, mit rosa Sand vom Hitzesturm aus Marokko begleitete, kr\u00f6nende H\u00f6hepunkt des 4. Festivals der Almh\u00fctten am Wechsel.<\/p>\n<p>Der 5. &#8220;Schwaigen-Reigen&#8221; fand am Samstag, den 11. Juni 2011 (Pfingsten) statt.<\/p>\n<p>Der 6. &#8220;Schwaigen-Reigen&#8221; fand am Samstag, den 9. Juni 2012 mit G\u00e4sten aus Finnland statt.<\/p>\n<p>Anstelle des 7. &#8220;Schwaigen-Reigen&#8221;, welchen ich aufgrund der schweren Erkrankung meines Mannes nicht im gewohnten Umfang und der gewohnten Qualit\u00e4t durchf\u00fchren konnte, organisierte die Gemeinde M\u00f6nichkirchen &#8220;Musik auf den Schwaigen&#8221;.<\/p>\n<p>Mit dem 8. &#8220;Schwaigen-Reigen&#8221; wurde &#8211; wie gewohnt am 1. Samstag nach dem Almauftrieb &#8211; wieder der Almsommer am Wechsel er\u00f6ffnet. Ein 10seitiger Bericht im &#8220;Servus&#8221;-Magazin zeigte seine \u00fcberregionale Bedeutung.<\/p>\n<p>Beim 9. &#8220;Schwaigen-Reigen&#8221; am Samstag, den 13. Juni 2015, feierten &#8211; dank Freunden und Privatsponsoren &#8211; Volksmusikanten, S\u00e4nger und T\u00e4nzer aus dem Wechselgebiet und aus dem &#8220;Europa der Regionen&#8221; gemeinsam &#8220;20 Jahre \u00d6sterreich in der EU&#8221;.<\/p>\n<p>Zum 10. &#8220;Schwaigen-Reigen&#8221; am Samstag, den 11. Juni 2016, fand zum 10j\u00e4hrigen Jubil\u00e4um &#8211; auf Einladung des B\u00fcrgermeisters der Gemeinde Aspangberg-St. Peter, \u00d6kR Josef Bauer &#8211; ein Festakt  am Wetterkoglerhaus statt.<\/p>\n<p>Der 11. &#8220;Schwaigen-Reigen&#8221; wird am Samstag, den 10. Juni 2017, stattfinden.<\/p>\n<p>F\u00fcr Details siehe <a href=\"http:\/\/www.schwaigen-reigen.at\" title=\"www.schwaigen-reigen.at\" target=\"_blank\"><strong>www.schwaigen-reigen.at<\/strong><\/a>.<\/p>\n","protected":false},"excerpt":{"rendered":"<p>Das ehrenamtliche volksmusikalische Feldforschungsprojekt SCHWAIGEN-REIGEN, Festival auf den nieder\u00f6sterreichischen und steirischen Almh\u00fctten des Wechsels, wurde am Samstag, den 13. Juni 2009 zum 3. Mal durchgef\u00fchrt. 353 S\u00e4nger, T\u00e4nzer und Musikanten begeisterten 10.000 Besucher bei inspirierenden und erholsamen Wanderungen \u00fcber die Almen des Wechsels. Erste Ergebnisse des wissenschaftlichen Projekts sind bereits im &#8220;Schwaigen Reigen Echo&#8221; (Erika [&hellip;]<\/p>\n","protected":false},"author":2,"featured_media":0,"parent":0,"menu_order":1,"comment_status":"open","ping_status":"open","template":"","meta":{"footnotes":""},"_links":{"self":[{"href":"https:\/\/www.wexel.at\/index.php?rest_route=\/wp\/v2\/pages\/61"}],"collection":[{"href":"https:\/\/www.wexel.at\/index.php?rest_route=\/wp\/v2\/pages"}],"about":[{"href":"https:\/\/www.wexel.at\/index.php?rest_route=\/wp\/v2\/types\/page"}],"author":[{"embeddable":true,"href":"https:\/\/www.wexel.at\/index.php?rest_route=\/wp\/v2\/users\/2"}],"replies":[{"embeddable":true,"href":"https:\/\/www.wexel.at\/index.php?rest_route=%2Fwp%2Fv2%2Fcomments&post=61"}],"version-history":[{"count":0,"href":"https:\/\/www.wexel.at\/index.php?rest_route=\/wp\/v2\/pages\/61\/revisions"}],"wp:attachment":[{"href":"https:\/\/www.wexel.at\/index.php?rest_route=%2Fwp%2Fv2%2Fmedia&parent=61"}],"curies":[{"name":"wp","href":"https:\/\/api.w.org\/{rel}","templated":true}]}}