{"id":5,"date":"2007-02-05T15:32:32","date_gmt":"2007-02-05T14:32:32","guid":{"rendered":"http:\/\/www.bnd.at\/wx\/?page_id=5"},"modified":"2019-11-04T10:13:29","modified_gmt":"2019-11-04T09:13:29","slug":"der-verein","status":"publish","type":"page","link":"https:\/\/www.wexel.at\/?page_id=5","title":{"rendered":"Wechsel im Ton"},"content":{"rendered":"\n<p>Das Gesamtprojekt <em>Der Wechsel und sein kulturelles Erbe (local heritage)<\/em> umfasst zwei &#8211; wenn auch auf den ersten Blick nicht sofort ersichtliche &#8211; eng vernetzte kulturelle Ebenen. Das verst\u00e4rkte Interesse an Natur und Jagd, unterst\u00fctzt vom beginnenden Bahnbau, zieht die st\u00e4dtischen Baumeister und K\u00fcnstler aufs Land hinaus, um auch hier Werke ihres K\u00f6nnens und ihrer Epoche zu hinterlassen.<\/p>\n\n\n\n<p>Gleichzeitig versetzt die &#8211; unerwartete &#8211; b\u00e4uerliche Kultur in Erstaunen und f\u00fchrt zum Sammeln von Br\u00e4uchen und Liedgut.<\/p>\n\n\n\n<p><a href=\"?page_id=43\">&#8211;&gt; mehr lesen<\/a><\/p>\n\n\n\n<h2 class=\"wp-block-heading\">Musiksammlung (demo)<\/h2>\n\n\n\n<figure class=\"wp-block-audio\"><audio controls src=\"http:\/\/www.wexel.at\/wx\/wp-content\/uploads\/2019\/11\/01.mp3\" preload=\"metadata\"><\/audio><figcaption> &#8220;Jetzt fangen wir zum Singen an&#8221; aus WeXel von Maria und Grete. Titel 1 von 14. <\/figcaption><\/figure>\n\n\n\n<figure class=\"wp-block-audio\"><audio controls src=\"http:\/\/www.wexel.at\/wx\/wp-content\/uploads\/2019\/11\/02.mp3\"><\/audio><figcaption>&#8220;Kommts lei eina in die Stubn&#8221; aus WeXel von Maria und Grete. Titel 2 von 14.<\/figcaption><\/figure>\n\n\n\n<figure class=\"wp-block-audio\"><audio controls src=\"http:\/\/www.wexel.at\/wx\/wp-content\/uploads\/2019\/11\/03.mp3\"><\/audio><figcaption> &#8220;Der Engel begr\u00fc\u00dfte die Jungfrau Maria&#8221; aus WeXel von Maria und Grete. Titel 3 von 14. <\/figcaption><\/figure>\n\n\n\n<figure class=\"wp-block-audio\"><audio controls src=\"http:\/\/www.wexel.at\/wx\/wp-content\/uploads\/2019\/11\/04.mp3\"><\/audio><figcaption> &#8220;Da droben am Berge weht k\u00fchlend der Wind&#8221; aus WeXel von Maria und Grete. Titel 4 von 14.  <\/figcaption><\/figure>\n","protected":false},"excerpt":{"rendered":"<p>Das Gesamtprojekt Der Wechsel und sein kulturelles Erbe (local heritage) umfasst zwei &#8211; wenn auch auf den ersten Blick nicht sofort ersichtliche &#8211; eng vernetzte kulturelle Ebenen. Das verst\u00e4rkte Interesse an Natur und Jagd, unterst\u00fctzt vom beginnenden Bahnbau, zieht die st\u00e4dtischen Baumeister und K\u00fcnstler aufs Land hinaus, um auch hier Werke ihres K\u00f6nnens und ihrer [&hellip;]<\/p>\n","protected":false},"author":2,"featured_media":0,"parent":0,"menu_order":0,"comment_status":"open","ping_status":"open","template":"","meta":{"footnotes":""},"_links":{"self":[{"href":"https:\/\/www.wexel.at\/index.php?rest_route=\/wp\/v2\/pages\/5"}],"collection":[{"href":"https:\/\/www.wexel.at\/index.php?rest_route=\/wp\/v2\/pages"}],"about":[{"href":"https:\/\/www.wexel.at\/index.php?rest_route=\/wp\/v2\/types\/page"}],"author":[{"embeddable":true,"href":"https:\/\/www.wexel.at\/index.php?rest_route=\/wp\/v2\/users\/2"}],"replies":[{"embeddable":true,"href":"https:\/\/www.wexel.at\/index.php?rest_route=%2Fwp%2Fv2%2Fcomments&post=5"}],"version-history":[{"count":8,"href":"https:\/\/www.wexel.at\/index.php?rest_route=\/wp\/v2\/pages\/5\/revisions"}],"predecessor-version":[{"id":171,"href":"https:\/\/www.wexel.at\/index.php?rest_route=\/wp\/v2\/pages\/5\/revisions\/171"}],"wp:attachment":[{"href":"https:\/\/www.wexel.at\/index.php?rest_route=%2Fwp%2Fv2%2Fmedia&parent=5"}],"curies":[{"name":"wp","href":"https:\/\/api.w.org\/{rel}","templated":true}]}}