{"id":58,"date":"2007-11-29T17:01:37","date_gmt":"2007-11-29T16:01:37","guid":{"rendered":"http:\/\/www.wexel.at\/?page_id=58"},"modified":"2019-11-09T09:05:28","modified_gmt":"2019-11-09T08:05:28","slug":"kalender-2008-der-wechsel-musiklandschaft","status":"publish","type":"page","link":"http:\/\/www.wexel.at\/?page_id=58","title":{"rendered":"Kalender 2008 &#8220;Der Wechsel &#8211; Musik:Landschaft&#8221;"},"content":{"rendered":"\n<ul class=\"wp-block-gallery columns-4 is-cropped wp-block-gallery-1 is-layout-flex wp-block-gallery-is-layout-flex\"><li class=\"blocks-gallery-item\"><figure><a href=\"http:\/\/www.wexel.at\/wx\/wp-content\/uploads\/2019\/11\/kalenderblaetter2008_01.jpg\"><img loading=\"lazy\" decoding=\"async\" width=\"591\" height=\"437\" src=\"http:\/\/www.wexel.at\/wx\/wp-content\/uploads\/2019\/11\/kalenderblaetter2008_01.jpg\" alt=\"\" data-id=\"387\" data-link=\"http:\/\/www.wexel.at\/?attachment_id=387\" class=\"wp-image-387\" srcset=\"http:\/\/www.wexel.at\/wx\/wp-content\/uploads\/2019\/11\/kalenderblaetter2008_01.jpg 591w, http:\/\/www.wexel.at\/wx\/wp-content\/uploads\/2019\/11\/kalenderblaetter2008_01-300x222.jpg 300w\" sizes=\"(max-width: 591px) 100vw, 591px\" \/><\/a><\/figure><\/li><li class=\"blocks-gallery-item\"><figure><a href=\"http:\/\/www.wexel.at\/wx\/wp-content\/uploads\/2019\/11\/kalenderblaetter2008_02.jpg\"><img loading=\"lazy\" decoding=\"async\" width=\"591\" height=\"437\" src=\"http:\/\/www.wexel.at\/wx\/wp-content\/uploads\/2019\/11\/kalenderblaetter2008_02.jpg\" alt=\"\" data-id=\"388\" data-link=\"http:\/\/www.wexel.at\/?attachment_id=388\" class=\"wp-image-388\" srcset=\"http:\/\/www.wexel.at\/wx\/wp-content\/uploads\/2019\/11\/kalenderblaetter2008_02.jpg 591w, http:\/\/www.wexel.at\/wx\/wp-content\/uploads\/2019\/11\/kalenderblaetter2008_02-300x222.jpg 300w\" sizes=\"(max-width: 591px) 100vw, 591px\" \/><\/a><\/figure><\/li><li class=\"blocks-gallery-item\"><figure><a href=\"http:\/\/www.wexel.at\/wx\/wp-content\/uploads\/2019\/11\/kalenderblaetter2008_03.jpg\"><img loading=\"lazy\" decoding=\"async\" width=\"591\" height=\"437\" src=\"http:\/\/www.wexel.at\/wx\/wp-content\/uploads\/2019\/11\/kalenderblaetter2008_03.jpg\" alt=\"\" data-id=\"389\" data-link=\"http:\/\/www.wexel.at\/?attachment_id=389\" class=\"wp-image-389\" srcset=\"http:\/\/www.wexel.at\/wx\/wp-content\/uploads\/2019\/11\/kalenderblaetter2008_03.jpg 591w, http:\/\/www.wexel.at\/wx\/wp-content\/uploads\/2019\/11\/kalenderblaetter2008_03-300x222.jpg 300w\" sizes=\"(max-width: 591px) 100vw, 591px\" \/><\/a><\/figure><\/li><li class=\"blocks-gallery-item\"><figure><a href=\"http:\/\/www.wexel.at\/wx\/wp-content\/uploads\/2019\/11\/kalenderblaetter2008_04.jpg\"><img loading=\"lazy\" decoding=\"async\" width=\"591\" height=\"437\" src=\"http:\/\/www.wexel.at\/wx\/wp-content\/uploads\/2019\/11\/kalenderblaetter2008_04.jpg\" alt=\"\" data-id=\"390\" data-link=\"http:\/\/www.wexel.at\/?attachment_id=390\" class=\"wp-image-390\" srcset=\"http:\/\/www.wexel.at\/wx\/wp-content\/uploads\/2019\/11\/kalenderblaetter2008_04.jpg 591w, http:\/\/www.wexel.at\/wx\/wp-content\/uploads\/2019\/11\/kalenderblaetter2008_04-300x222.jpg 300w\" sizes=\"(max-width: 591px) 100vw, 591px\" \/><\/a><\/figure><\/li><li class=\"blocks-gallery-item\"><figure><a href=\"http:\/\/www.wexel.at\/wx\/wp-content\/uploads\/2019\/11\/kalenderblaetter2008_05.jpg\"><img loading=\"lazy\" decoding=\"async\" width=\"591\" height=\"437\" src=\"http:\/\/www.wexel.at\/wx\/wp-content\/uploads\/2019\/11\/kalenderblaetter2008_05.jpg\" alt=\"\" data-id=\"391\" data-link=\"http:\/\/www.wexel.at\/?attachment_id=391\" class=\"wp-image-391\" srcset=\"http:\/\/www.wexel.at\/wx\/wp-content\/uploads\/2019\/11\/kalenderblaetter2008_05.jpg 591w, http:\/\/www.wexel.at\/wx\/wp-content\/uploads\/2019\/11\/kalenderblaetter2008_05-300x222.jpg 300w\" sizes=\"(max-width: 591px) 100vw, 591px\" \/><\/a><\/figure><\/li><li class=\"blocks-gallery-item\"><figure><a href=\"http:\/\/www.wexel.at\/wx\/wp-content\/uploads\/2019\/11\/kalenderblaetter2008_06.jpg\"><img loading=\"lazy\" decoding=\"async\" width=\"591\" height=\"437\" src=\"http:\/\/www.wexel.at\/wx\/wp-content\/uploads\/2019\/11\/kalenderblaetter2008_06.jpg\" alt=\"\" data-id=\"392\" data-link=\"http:\/\/www.wexel.at\/?attachment_id=392\" class=\"wp-image-392\" srcset=\"http:\/\/www.wexel.at\/wx\/wp-content\/uploads\/2019\/11\/kalenderblaetter2008_06.jpg 591w, http:\/\/www.wexel.at\/wx\/wp-content\/uploads\/2019\/11\/kalenderblaetter2008_06-300x222.jpg 300w\" sizes=\"(max-width: 591px) 100vw, 591px\" \/><\/a><\/figure><\/li><li class=\"blocks-gallery-item\"><figure><a href=\"http:\/\/www.wexel.at\/wx\/wp-content\/uploads\/2019\/11\/kalenderblaetter2008_07.jpg\"><img loading=\"lazy\" decoding=\"async\" width=\"591\" height=\"437\" src=\"http:\/\/www.wexel.at\/wx\/wp-content\/uploads\/2019\/11\/kalenderblaetter2008_07.jpg\" alt=\"\" data-id=\"393\" data-link=\"http:\/\/www.wexel.at\/?attachment_id=393\" class=\"wp-image-393\" srcset=\"http:\/\/www.wexel.at\/wx\/wp-content\/uploads\/2019\/11\/kalenderblaetter2008_07.jpg 591w, http:\/\/www.wexel.at\/wx\/wp-content\/uploads\/2019\/11\/kalenderblaetter2008_07-300x222.jpg 300w\" sizes=\"(max-width: 591px) 100vw, 591px\" \/><\/a><\/figure><\/li><li class=\"blocks-gallery-item\"><figure><a href=\"http:\/\/www.wexel.at\/wx\/wp-content\/uploads\/2019\/11\/kalenderblaetter2008_08.jpg\"><img loading=\"lazy\" decoding=\"async\" width=\"591\" height=\"437\" src=\"http:\/\/www.wexel.at\/wx\/wp-content\/uploads\/2019\/11\/kalenderblaetter2008_08.jpg\" alt=\"\" data-id=\"394\" data-link=\"http:\/\/www.wexel.at\/?attachment_id=394\" class=\"wp-image-394\" srcset=\"http:\/\/www.wexel.at\/wx\/wp-content\/uploads\/2019\/11\/kalenderblaetter2008_08.jpg 591w, http:\/\/www.wexel.at\/wx\/wp-content\/uploads\/2019\/11\/kalenderblaetter2008_08-300x222.jpg 300w\" sizes=\"(max-width: 591px) 100vw, 591px\" \/><\/a><\/figure><\/li><li class=\"blocks-gallery-item\"><figure><a href=\"http:\/\/www.wexel.at\/wx\/wp-content\/uploads\/2019\/11\/kalenderblaetter2008_09.jpg\"><img loading=\"lazy\" decoding=\"async\" width=\"591\" height=\"437\" src=\"http:\/\/www.wexel.at\/wx\/wp-content\/uploads\/2019\/11\/kalenderblaetter2008_09.jpg\" alt=\"\" data-id=\"395\" data-link=\"http:\/\/www.wexel.at\/?attachment_id=395\" class=\"wp-image-395\" srcset=\"http:\/\/www.wexel.at\/wx\/wp-content\/uploads\/2019\/11\/kalenderblaetter2008_09.jpg 591w, http:\/\/www.wexel.at\/wx\/wp-content\/uploads\/2019\/11\/kalenderblaetter2008_09-300x222.jpg 300w\" sizes=\"(max-width: 591px) 100vw, 591px\" \/><\/a><\/figure><\/li><li class=\"blocks-gallery-item\"><figure><a href=\"http:\/\/www.wexel.at\/wx\/wp-content\/uploads\/2019\/11\/kalenderblaetter2008_10.jpg\"><img loading=\"lazy\" decoding=\"async\" width=\"591\" height=\"437\" src=\"http:\/\/www.wexel.at\/wx\/wp-content\/uploads\/2019\/11\/kalenderblaetter2008_10.jpg\" alt=\"\" data-id=\"396\" data-link=\"http:\/\/www.wexel.at\/?attachment_id=396\" class=\"wp-image-396\" srcset=\"http:\/\/www.wexel.at\/wx\/wp-content\/uploads\/2019\/11\/kalenderblaetter2008_10.jpg 591w, http:\/\/www.wexel.at\/wx\/wp-content\/uploads\/2019\/11\/kalenderblaetter2008_10-300x222.jpg 300w\" sizes=\"(max-width: 591px) 100vw, 591px\" \/><\/a><\/figure><\/li><li class=\"blocks-gallery-item\"><figure><a href=\"http:\/\/www.wexel.at\/wx\/wp-content\/uploads\/2019\/11\/kalenderblaetter2008_11.jpg\"><img loading=\"lazy\" decoding=\"async\" width=\"591\" height=\"437\" src=\"http:\/\/www.wexel.at\/wx\/wp-content\/uploads\/2019\/11\/kalenderblaetter2008_11.jpg\" alt=\"\" data-id=\"397\" data-link=\"http:\/\/www.wexel.at\/?attachment_id=397\" class=\"wp-image-397\" srcset=\"http:\/\/www.wexel.at\/wx\/wp-content\/uploads\/2019\/11\/kalenderblaetter2008_11.jpg 591w, http:\/\/www.wexel.at\/wx\/wp-content\/uploads\/2019\/11\/kalenderblaetter2008_11-300x222.jpg 300w\" sizes=\"(max-width: 591px) 100vw, 591px\" \/><\/a><\/figure><\/li><li class=\"blocks-gallery-item\"><figure><a href=\"http:\/\/www.wexel.at\/wx\/wp-content\/uploads\/2019\/11\/kalenderblaetter2008_12.jpg\"><img loading=\"lazy\" decoding=\"async\" width=\"591\" height=\"437\" src=\"http:\/\/www.wexel.at\/wx\/wp-content\/uploads\/2019\/11\/kalenderblaetter2008_12.jpg\" alt=\"\" data-id=\"398\" data-link=\"http:\/\/www.wexel.at\/?attachment_id=398\" class=\"wp-image-398\" srcset=\"http:\/\/www.wexel.at\/wx\/wp-content\/uploads\/2019\/11\/kalenderblaetter2008_12.jpg 591w, http:\/\/www.wexel.at\/wx\/wp-content\/uploads\/2019\/11\/kalenderblaetter2008_12-300x222.jpg 300w\" sizes=\"(max-width: 591px) 100vw, 591px\" \/><\/a><\/figure><\/li><\/ul>\n\n\n\n<p>Der Kalender &#8220;DER WECHSEL &#8211; MUSIK LANDSCHAFT 2008&#8221; dokumentiert die musizierenden, singenden, tanzenden und wandernden Teilnehmer, welche die Durchf\u00fchrung des volksmusikalischen Projektes &#8220;Schwaigen-Reigen&#8221; am 16. Juni 2007 erm\u00f6glichten.<\/p>\n\n\n\n<p>Die Erfassung des aktuellen Lied- und Musiziergutes des nieder\u00f6sterreichisch-steirischen Wechselgebietes war der Anlass. Das Fotomatierial dokumentiert aber nicht nur die singenden und musizierenden Menschen dieser Region, sondern auch die herrliche Urgesteinslandschaft des Wechselgebietes.<\/p>\n\n\n\n<p>Weitere Informationen zum Projekt &#8220;Schwaigen-Reigen&#8221; auf: <a href=\"http:\/\/www.schwaigen-reigen.at\/\">www.schwaigen-reigen.at<\/a><\/p>\n","protected":false},"excerpt":{"rendered":"<p>Der Kalender &#8220;DER WECHSEL &#8211; MUSIK LANDSCHAFT 2008&#8221; dokumentiert die musizierenden, singenden, tanzenden und wandernden Teilnehmer, welche die Durchf\u00fchrung des volksmusikalischen Projektes &#8220;Schwaigen-Reigen&#8221; am 16. Juni 2007 erm\u00f6glichten. Die Erfassung des aktuellen Lied- und Musiziergutes des nieder\u00f6sterreichisch-steirischen Wechselgebietes war der Anlass. Das Fotomatierial dokumentiert aber nicht nur die singenden und musizierenden Menschen dieser Region, sondern [&hellip;]<\/p>\n","protected":false},"author":2,"featured_media":0,"parent":4,"menu_order":0,"comment_status":"open","ping_status":"open","template":"","meta":{"footnotes":""},"_links":{"self":[{"href":"http:\/\/www.wexel.at\/index.php?rest_route=\/wp\/v2\/pages\/58"}],"collection":[{"href":"http:\/\/www.wexel.at\/index.php?rest_route=\/wp\/v2\/pages"}],"about":[{"href":"http:\/\/www.wexel.at\/index.php?rest_route=\/wp\/v2\/types\/page"}],"author":[{"embeddable":true,"href":"http:\/\/www.wexel.at\/index.php?rest_route=\/wp\/v2\/users\/2"}],"replies":[{"embeddable":true,"href":"http:\/\/www.wexel.at\/index.php?rest_route=%2Fwp%2Fv2%2Fcomments&post=58"}],"version-history":[{"count":1,"href":"http:\/\/www.wexel.at\/index.php?rest_route=\/wp\/v2\/pages\/58\/revisions"}],"predecessor-version":[{"id":399,"href":"http:\/\/www.wexel.at\/index.php?rest_route=\/wp\/v2\/pages\/58\/revisions\/399"}],"up":[{"embeddable":true,"href":"http:\/\/www.wexel.at\/index.php?rest_route=\/wp\/v2\/pages\/4"}],"wp:attachment":[{"href":"http:\/\/www.wexel.at\/index.php?rest_route=%2Fwp%2Fv2%2Fmedia&parent=58"}],"curies":[{"name":"wp","href":"https:\/\/api.w.org\/{rel}","templated":true}]}}