{"id":51,"date":"2007-02-12T17:27:20","date_gmt":"2007-02-12T16:27:20","guid":{"rendered":"http:\/\/www.bnd.at\/wx\/?page_id=51"},"modified":"2011-01-22T00:45:13","modified_gmt":"2011-01-21T23:45:13","slug":"d-publikationen-kalender-und-beitrage","status":"publish","type":"page","link":"http:\/\/www.wexel.at\/?page_id=51","title":{"rendered":"D. Publikationen, Kalender und Beitr\u00e4ge:"},"content":{"rendered":"<p>Erika Sieder, Dieter Klein und Dietmar Orglmeister:<br \/>\n&#8220;&#8230; tout Vienne! Gustav Orglmeister (1861-1953) \u2013 Der letzte Wiener k. k. Hofbaumeister. Wechsel &#8211; Prag &#8211; Laibach &#8211; Triest &#8211; Wien.&#8221;<br \/>\nFotodokumentation  Robert H\u00f6lzl und Heinz-Peter Lang, Illustrationen Adalbert Pilch.<br \/>\nWiener K\u00fcnstler im Wechselgebiet &#8211; Band II, Bibliothek der Provinz, Weitra 2011. Pr\u00e4sentation zum 150. Geburtstag.<\/p>\n<p>Erika Sieder und Walter Deutsch:<br \/>\n&#8220;Der Wechsel \u2013 Die Musik einer Landschaft.&#8221;<br \/>\nDer COMPA(=Corpus Musicae Popularis Austriacae)-Band basiert auf den Sammlungen Hamza, Liebleitner, Reingruber, Tachezi, erg\u00e4nzt mit aktuellen Feldforschungsergebnissen und Tonaufzeichnungen der Veranstaltung &#8220;Schwaigen.Reigen 2007-2009&#8221;. Illustrationen  Adalbert Pilch, alte Landkarten, Photographien und Postkarten, mit Unterst\u00fctzung der Volkskultur N\u00d6 und Steiermark und dem Verein &#8220;WeXel&#8221;.<br \/>\nProjektiertes Erscheinungsdatum 2012.<\/p>\n<p>Christian Lambour und Erika Sieder:<br \/>\n&#8220;Eusebius Mandyczewski (1857-1929) &#8211; Der scheue Europ\u00e4er mit dem klingenden Namen.&#8221;<br \/>\nWiener K\u00fcnstler im Wechselgebiet &#8211; Band III, projektiert 2012.<\/p>\n<p><strong>Sieder, Erika, Miran Hladnik und Urska Perenic:<br \/>\n&#8220;Josip Stritar (1836-1923) &#8211; Wiener Slowene, Slowenischer Peter Rosegger, Literat am Wechsel.&#8221;<br \/>\nWiener K\u00fcnstler im Wechselgebiet, Band IV, projektiert f\u00fcr 2013.<\/p>\n<p>Erika Sieder, Reante Ludwig-Pilch, Ernst Seibert und Emmerich Mazakarini:<br \/>\n&#8220;Adalbert Pilch (1917-2004) \u2013 Der Maler, der aus der Stille kam&#8221;.<br \/>\nWiener K\u00fcnstler im Wechselgebiet, Band V, projektiert f\u00fcr 2014.<\/p>\n<p>Erika Sieder, Franz Trimmel und Heinz-Peter Lang:<br \/>\n&#8220;Aspang \u2013 Das Tor zum Wechsel. Ludwig W\u00e4chtler (1842-1916) und Carl Rahl (1812-1865).&#8221;<br \/>\nWiener K\u00fcnstler um 1900 im Wechselgebiet. Band VI, projektiert f\u00fcr 2015.<\/p>\n<p>Die seit 2008 erschienen Beitr\u00e4ge im N\u00d6 Bauernbundkalender sowie die j\u00e4hrlich erscheinenden Kalender der Kulturinitiative &#8220;WeXel&#8221; siehe &#8220;Aktuelles &#8211; Publikationen&#8221;.<\/p>\n<p>Erika Sieder:<br \/>\n&#8220;Hosn \u2013 Kittln \u2013 H\u00fcat. Kleidung im Wechselgebiet 1880-1950.&#8221; In: Bauernbundkalender 2008, N\u00d6 Bauernbund, St. P\u00f6lten.<\/p>\n<p>Erika Siederund Bernhard Neuwirth:<br \/>\nAspang in alten Ansichten, Kalender 2008 &#8220;Musikanten &#8211; S\u00e4nger &#8211; Instrumente&#8221;.<\/p>\n","protected":false},"excerpt":{"rendered":"<p>Erika Sieder, Dieter Klein und Dietmar Orglmeister: &#8220;&#8230; tout Vienne! Gustav Orglmeister (1861-1953) \u2013 Der letzte Wiener k. k. Hofbaumeister. Wechsel &#8211; Prag &#8211; Laibach &#8211; Triest &#8211; Wien.&#8221; Fotodokumentation Robert H\u00f6lzl und Heinz-Peter Lang, Illustrationen Adalbert Pilch. Wiener K\u00fcnstler im Wechselgebiet &#8211; Band II, Bibliothek der Provinz, Weitra 2011. Pr\u00e4sentation zum 150. Geburtstag. Erika [&hellip;]<\/p>\n","protected":false},"author":2,"featured_media":0,"parent":21,"menu_order":0,"comment_status":"open","ping_status":"open","template":"","meta":{"footnotes":""},"_links":{"self":[{"href":"http:\/\/www.wexel.at\/index.php?rest_route=\/wp\/v2\/pages\/51"}],"collection":[{"href":"http:\/\/www.wexel.at\/index.php?rest_route=\/wp\/v2\/pages"}],"about":[{"href":"http:\/\/www.wexel.at\/index.php?rest_route=\/wp\/v2\/types\/page"}],"author":[{"embeddable":true,"href":"http:\/\/www.wexel.at\/index.php?rest_route=\/wp\/v2\/users\/2"}],"replies":[{"embeddable":true,"href":"http:\/\/www.wexel.at\/index.php?rest_route=%2Fwp%2Fv2%2Fcomments&post=51"}],"version-history":[{"count":0,"href":"http:\/\/www.wexel.at\/index.php?rest_route=\/wp\/v2\/pages\/51\/revisions"}],"up":[{"embeddable":true,"href":"http:\/\/www.wexel.at\/index.php?rest_route=\/wp\/v2\/pages\/21"}],"wp:attachment":[{"href":"http:\/\/www.wexel.at\/index.php?rest_route=%2Fwp%2Fv2%2Fmedia&parent=51"}],"curies":[{"name":"wp","href":"https:\/\/api.w.org\/{rel}","templated":true}]}}