{"id":45,"date":"2007-02-12T15:38:10","date_gmt":"2007-02-12T14:38:10","guid":{"rendered":"http:\/\/www.bnd.at\/wx\/?page_id=45"},"modified":"2019-11-03T21:51:33","modified_gmt":"2019-11-03T20:51:33","slug":"wechsel-cd-1","status":"publish","type":"page","link":"http:\/\/www.wexel.at\/?page_id=45","title":{"rendered":"Tonbeispiele"},"content":{"rendered":"\n<p>Bei langsamen Internet-Verbindungen oder mangelhafter Wiedergabe:<br>Gew\u00fcnschtes Lied ausw\u00e4hlen &#8211; Stop.<br>Wenn der Balken ganz aufgef\u00fcllt ist &#8211; Play!<\/p>\n","protected":false},"excerpt":{"rendered":"<p>Bei langsamen Internet-Verbindungen oder mangelhafter Wiedergabe:Gew\u00fcnschtes Lied ausw\u00e4hlen &#8211; Stop.Wenn der Balken ganz aufgef\u00fcllt ist &#8211; Play!<\/p>\n","protected":false},"author":2,"featured_media":0,"parent":5,"menu_order":0,"comment_status":"open","ping_status":"open","template":"","meta":{"footnotes":""},"_links":{"self":[{"href":"http:\/\/www.wexel.at\/index.php?rest_route=\/wp\/v2\/pages\/45"}],"collection":[{"href":"http:\/\/www.wexel.at\/index.php?rest_route=\/wp\/v2\/pages"}],"about":[{"href":"http:\/\/www.wexel.at\/index.php?rest_route=\/wp\/v2\/types\/page"}],"author":[{"embeddable":true,"href":"http:\/\/www.wexel.at\/index.php?rest_route=\/wp\/v2\/users\/2"}],"replies":[{"embeddable":true,"href":"http:\/\/www.wexel.at\/index.php?rest_route=%2Fwp%2Fv2%2Fcomments&post=45"}],"version-history":[{"count":1,"href":"http:\/\/www.wexel.at\/index.php?rest_route=\/wp\/v2\/pages\/45\/revisions"}],"predecessor-version":[{"id":133,"href":"http:\/\/www.wexel.at\/index.php?rest_route=\/wp\/v2\/pages\/45\/revisions\/133"}],"up":[{"embeddable":true,"href":"http:\/\/www.wexel.at\/index.php?rest_route=\/wp\/v2\/pages\/5"}],"wp:attachment":[{"href":"http:\/\/www.wexel.at\/index.php?rest_route=%2Fwp%2Fv2%2Fmedia&parent=45"}],"curies":[{"name":"wp","href":"https:\/\/api.w.org\/{rel}","templated":true}]}}