{"id":20,"date":"2007-02-07T10:41:29","date_gmt":"2007-02-07T09:41:29","guid":{"rendered":"http:\/\/www.bnd.at\/wx\/?page_id=20"},"modified":"2019-11-09T11:26:23","modified_gmt":"2019-11-09T10:26:23","slug":"wiener-kunstler","status":"publish","type":"page","link":"http:\/\/www.wexel.at\/?page_id=20","title":{"rendered":"Wechsel &#8211; Wiener K\u00fcnstler"},"content":{"rendered":"\n<p>Mit den Ortschroniken von Mariensee und St. Peter am Wechsel (Stickelberger, Josef et. al., Eigenverlag Stickelberger, Mariensee 1994, 1995, 1997) werden bereits 1994 erste interessante kulturhistorische Querverbindungen zu Wien um 1900 dokumentiert.<\/p>\n\n\n\n<p>Die Tatsache, da\u00df die verzweigte Landschaft des Wechsels und dessen bislang verschwiegene, unterschiedlich strukturierte Kultur seit Gustav J\u00e4gers Beschreibung (1874) nicht mehr in ihrer Gesamtheit erfa\u00dft wurden, sowie die engen Verbindungen zu den ehemaligen k.k. Kronl\u00e4ndern, heute L\u00e4nder der Europ\u00e4ischen Union, f\u00fchren zum \u00fcberregionalen und objektgem\u00e4\u00dfen Forschungsprojekt <em>Der Wechsel und sein kulturelles Erbe<\/em>.<\/p>\n\n\n\n<p><a href=\"?page_id=46\">&#8211;&gt; weiter lesen <\/a><\/p>\n","protected":false},"excerpt":{"rendered":"<p>Mit den Ortschroniken von Mariensee und St. Peter am Wechsel (Stickelberger, Josef et. al., Eigenverlag Stickelberger, Mariensee 1994, 1995, 1997) werden bereits 1994 erste interessante kulturhistorische Querverbindungen zu Wien um 1900 dokumentiert. Die Tatsache, da\u00df die verzweigte Landschaft des Wechsels und dessen bislang verschwiegene, unterschiedlich strukturierte Kultur seit Gustav J\u00e4gers Beschreibung (1874) nicht mehr in [&hellip;]<\/p>\n","protected":false},"author":2,"featured_media":0,"parent":0,"menu_order":0,"comment_status":"open","ping_status":"open","template":"","meta":{"footnotes":""},"_links":{"self":[{"href":"http:\/\/www.wexel.at\/index.php?rest_route=\/wp\/v2\/pages\/20"}],"collection":[{"href":"http:\/\/www.wexel.at\/index.php?rest_route=\/wp\/v2\/pages"}],"about":[{"href":"http:\/\/www.wexel.at\/index.php?rest_route=\/wp\/v2\/types\/page"}],"author":[{"embeddable":true,"href":"http:\/\/www.wexel.at\/index.php?rest_route=\/wp\/v2\/users\/2"}],"replies":[{"embeddable":true,"href":"http:\/\/www.wexel.at\/index.php?rest_route=%2Fwp%2Fv2%2Fcomments&post=20"}],"version-history":[{"count":2,"href":"http:\/\/www.wexel.at\/index.php?rest_route=\/wp\/v2\/pages\/20\/revisions"}],"predecessor-version":[{"id":417,"href":"http:\/\/www.wexel.at\/index.php?rest_route=\/wp\/v2\/pages\/20\/revisions\/417"}],"wp:attachment":[{"href":"http:\/\/www.wexel.at\/index.php?rest_route=%2Fwp%2Fv2%2Fmedia&parent=20"}],"curies":[{"name":"wp","href":"https:\/\/api.w.org\/{rel}","templated":true}]}}